{"id":908,"date":"2025-01-29T10:29:33","date_gmt":"2025-01-29T10:29:33","guid":{"rendered":"https:\/\/leilastudio.co.uk\/?page_id=908"},"modified":"2025-04-06T10:35:19","modified_gmt":"2025-04-06T10:35:19","slug":"login-page","status":"publish","type":"page","link":"https:\/\/futurevibes.co.uk\/es\/login-page\/","title":{"rendered":"Login Page"},"content":{"rendered":"<div data-elementor-type=\"wp-page\" data-elementor-id=\"908\" class=\"elementor elementor-908\" data-elementor-post-type=\"page\">\n\t\t\t\t<div class=\"elementor-element elementor-element-d4afb7c e-con-full e-flex e-con e-parent\" data-id=\"d4afb7c\" data-element_type=\"container\" data-e-type=\"container\" data-settings=\"{&quot;jet_parallax_layout_list&quot;:[]}\">\n\t\t<div class=\"elementor-element elementor-element-90dc507 e-con-full e-flex elementor-invisible e-con e-child\" data-id=\"90dc507\" data-element_type=\"container\" data-e-type=\"container\" data-settings=\"{&quot;background_background&quot;:&quot;classic&quot;,&quot;animation&quot;:&quot;slideInLeft&quot;,&quot;jet_parallax_layout_list&quot;:[]}\">\n\t\t\t\t<\/div>\n\t\t<div class=\"elementor-element elementor-element-7c1d907 e-con-full e-flex e-con e-child\" data-id=\"7c1d907\" data-element_type=\"container\" data-e-type=\"container\" data-settings=\"{&quot;jet_parallax_layout_list&quot;:[]}\">\n\t\t<div class=\"elementor-element elementor-element-79bc198 e-con-full e-flex e-con e-child\" data-id=\"79bc198\" data-element_type=\"container\" data-e-type=\"container\" data-settings=\"{&quot;jet_parallax_layout_list&quot;:[]}\">\n\t\t\t\t<div class=\"elementor-element elementor-element-b88e745 elementor-invisible elementor-widget elementor-widget-heading\" data-id=\"b88e745\" data-element_type=\"widget\" data-e-type=\"widget\" data-settings=\"{&quot;_animation&quot;:&quot;fadeInLeft&quot;}\" data-widget_type=\"heading.default\">\n\t\t\t\t<div class=\"elementor-widget-container\">\n\t\t\t\t\t<h1 class=\"elementor-heading-title elementor-size-default\">Bienvenido<\/h1>\t\t\t\t<\/div>\n\t\t\t\t<\/div>\n\t\t\t\t<div class=\"elementor-element elementor-element-f8c7247 animated-slow jedv-enabled--yes elementor-invisible elementor-widget elementor-widget-heading\" data-id=\"f8c7247\" data-element_type=\"widget\" data-e-type=\"widget\" data-settings=\"{&quot;_animation&quot;:&quot;fadeInDown&quot;}\" data-widget_type=\"heading.default\">\n\t\t\t\t<div class=\"elementor-widget-container\">\n\t\t\t\t\t<h2 class=\"elementor-heading-title elementor-size-default\">Acceso<\/h2>\t\t\t\t<\/div>\n\t\t\t\t<\/div>\n\t\t\t\t<\/div>\n\t\t<div class=\"elementor-element elementor-element-3f51628 jedv-enabled--yes e-flex e-con-boxed elementor-invisible e-con e-child\" data-id=\"3f51628\" data-element_type=\"container\" data-e-type=\"container\" data-settings=\"{&quot;animation&quot;:&quot;fadeIn&quot;,&quot;animation_delay&quot;:500,&quot;jet_parallax_layout_list&quot;:[]}\">\n\t\t\t\t\t<div class=\"e-con-inner\">\n\t\t\t\t<div class=\"elementor-element elementor-element-5f68039 jedv-enabled--yes elementor-invisible elementor-widget elementor-widget-text-editor\" data-id=\"5f68039\" data-element_type=\"widget\" data-e-type=\"widget\" data-settings=\"{&quot;_animation&quot;:&quot;fadeInDown&quot;}\" data-widget_type=\"text-editor.default\">\n\t\t\t\t<div class=\"elementor-widget-container\">\n\t\t\t\t\t\t\t\t\t<p>Para acceder a la informaci\u00f3n de nuestro hogar, inicie sesi\u00f3n con su nombre de usuario y contrase\u00f1a.<\/p>\t\t\t\t\t\t\t\t<\/div>\n\t\t\t\t<\/div>\n\t\t\t\t<div class=\"elementor-element elementor-element-bc028df jedv-enabled--yes elementor-widget elementor-widget-jet-form-builder-form\" data-id=\"bc028df\" data-element_type=\"widget\" data-e-type=\"widget\" data-widget_type=\"jet-form-builder-form.default\">\n\t\t\t\t<div class=\"elementor-widget-container\">\n\t\t\t\t\t<link rel='stylesheet' id='wp-block-library-css' href='https:\/\/futurevibes.co.uk\/wp-includes\/css\/dist\/block-library\/style.min.css?ver=6.8.5' media='all' \/>\n<style id=\"jet-form-builder-1177-inline-css\"><\/style><form  class=\"jet-form-builder layout-column submit-type-ajax\" action=\"https:\/\/futurevibes.co.uk\/es\/wp-json\/wp\/v2\/pages\/908\/?QmclXA=X04f1GhNvM&#038;method=reload\" method=\"POST\" data-form-id=\"1177\" data-layout=\"column\" enctype=\"multipart\/form-data\" data-clear=\"1\" novalidate=\"null\" ssr_validation_method=\"rest\" data-trp-original-action=\"https:\/\/futurevibes.co.uk\/es\/wp-json\/wp\/v2\/pages\/908\/?QmclXA=X04f1GhNvM&amp;method=reload\"><input type=\"hidden\" id=\"_wpnonce\" name=\"_wpnonce\" value=\"f9b3ebd7de\" \/><input type=\"hidden\" name=\"_wp_http_referer\" value=\"\/es\/wp-json\/wp\/v2\/pages\/908\" \/>\r\n<input type=\"hidden\" name=\"_jfb_current_render_states[]\" value=\"DEFAULT.STATE\" data-jfb-sync \/><input type=\"hidden\" class=\"jet-form-builder__field hidden-field\" name=\"_jet_engine_booking_form_id\" data-field-name=\"_jet_engine_booking_form_id\" value=\"1177\">\n<input type=\"hidden\" class=\"jet-form-builder__field hidden-field\" name=\"_jet_engine_refer\" data-field-name=\"_jet_engine_refer\" value=\"https:\/\/futurevibes.co.uk\/es\/wp-json\/wp\/v2\/pages\/908\/\">\n<input type=\"hidden\" class=\"jet-form-builder__field hidden-field\" name=\"__queried_post_id\" data-field-name=\"__queried_post_id\" value=\"908\">\n<div  class=\"jet-form-builder-row field-type-text-field\" >\n<div class=\"jet-form-builder__label\">\r\n<div class=\"jet-form-builder__label-text\">Nombre de usuario <span class=\"jet-form-builder__required\">*<\/span><\/div><\/div><div class=\"jet-form-builder__field-wrap\">\n\t\t\t\t<input placeholder=\"Nombre de usuario\" required=\"required\" name=\"login_email\" id=\"login_email\" type=\"text\" data-field-name=\"login_email\" class=\"jet-form-builder__field text-field\" data-jfb-sync=\"null\" autocomplete=\"off_gjaFz8Zd\">\n\t\t\t\t\t<\/div>\n<\/div>\n\n<div  class=\"jet-form-builder-row field-type-text-field\" >\n<div class=\"jet-form-builder__label\">\r\n<div class=\"jet-form-builder__label-text\">Contrase\u00f1a <span class=\"jet-form-builder__required\">*<\/span><\/div><\/div><div class=\"jet-form-builder__field-wrap\">\n\t\t\t\t<input placeholder=\"Contrase\u00f1a\" required=\"required\" name=\"password\" id=\"password\" type=\"text\" data-field-name=\"password\" class=\"jet-form-builder__field text-field\" data-jfb-sync=\"null\" autocomplete=\"off_xLEiGDsh\">\n\t\t\t\t\t<\/div>\n<\/div>\n\n<div  class=\"jet-form-builder-row field-type-switcher wp-block-jet-forms-switcher\">\n<div class=\"jet-form-builder__label\">\r\n<div class=\"jet-form-builder__label-text\">Acu\u00e9rdate de m\u00ed<\/div><\/div><input id=\"remember_me\" name=\"remember_me\" type=\"checkbox\" role=\"switch\" class=\"jet-form-builder__field\" value=\"on\" data-calculate=\"1\" data-jfb-sync=\"null\">\n<\/div>\n\n<div  class=\"jet-form-builder-row field-type-submit-field\" >\n\t<div data-type=\"submit\" class=\"jet-form-builder__action-button-wrapper jet-form-builder__submit-wrap\">\n\t<button class=\"jet-form-builder__action-button jet-form-builder__submit submit-type-ajax\" type=\"submit\">ACCESO<\/button>\n\t<\/div>\n\t\n<\/div>\n\n\n<p><\/p>\n\t<div class=\"jet-form-builder-messages-wrap\" data-form-id=\"1177\"><\/div>\n<input type=\"hidden\" name=\"trp-form-language\" value=\"es\"\/><\/form>\n\t\t\t\t<\/div>\n\t\t\t\t<\/div>\n\t\t\t\t\t<\/div>\n\t\t\t\t<\/div>\n\t\t\t\t<\/div>\n\t\t\t\t<\/div>\n\t\t\t\t<\/div>","protected":false},"excerpt":{"rendered":"<p>Welcome Login To access our home information, please login using your username and password. Username * Password * Remember me LOG IN You&#8217;re now logged in. Head over to our Home Page to start exploring! Home Page<\/p>","protected":false},"author":1,"featured_media":0,"parent":0,"menu_order":0,"comment_status":"closed","ping_status":"closed","template":"","meta":{"footnotes":""},"class_list":["post-908","page","type-page","status-publish","hentry"],"_links":{"self":[{"href":"https:\/\/futurevibes.co.uk\/es\/wp-json\/wp\/v2\/pages\/908","targetHints":{"allow":["GET"]}}],"collection":[{"href":"https:\/\/futurevibes.co.uk\/es\/wp-json\/wp\/v2\/pages"}],"about":[{"href":"https:\/\/futurevibes.co.uk\/es\/wp-json\/wp\/v2\/types\/page"}],"author":[{"embeddable":true,"href":"https:\/\/futurevibes.co.uk\/es\/wp-json\/wp\/v2\/users\/1"}],"replies":[{"embeddable":true,"href":"https:\/\/futurevibes.co.uk\/es\/wp-json\/wp\/v2\/comments?post=908"}],"version-history":[{"count":133,"href":"https:\/\/futurevibes.co.uk\/es\/wp-json\/wp\/v2\/pages\/908\/revisions"}],"predecessor-version":[{"id":1458,"href":"https:\/\/futurevibes.co.uk\/es\/wp-json\/wp\/v2\/pages\/908\/revisions\/1458"}],"wp:attachment":[{"href":"https:\/\/futurevibes.co.uk\/es\/wp-json\/wp\/v2\/media?parent=908"}],"curies":[{"name":"wp","href":"https:\/\/api.w.org\/{rel}","templated":true}]}}